{"id":179,"date":"2022-01-17T10:48:10","date_gmt":"2022-01-17T09:48:10","guid":{"rendered":"https:\/\/www.quaicentral.najeti.fr\/?page_id=179"},"modified":"2025-12-30T09:30:41","modified_gmt":"2025-12-30T08:30:41","slug":"faq","status":"publish","type":"page","link":"https:\/\/www.quaicentral.najeti.fr\/en\/faq\/","title":{"rendered":"FAQ"},"content":{"rendered":"<div data-elementor-type=\"wp-page\" data-elementor-id=\"179\" class=\"elementor elementor-179\" data-elementor-post-type=\"page\">\n\t\t\t\t<div class=\"elementor-element elementor-element-e57075e e-con-full e-flex e-con e-parent\" data-id=\"e57075e\" data-element_type=\"container\" data-e-type=\"container\" data-settings=\"{&quot;background_background&quot;:&quot;classic&quot;,&quot;_ob_use_container_extras&quot;:&quot;no&quot;,&quot;_ob_column_hoveranimator&quot;:&quot;no&quot;,&quot;_ob_glider_is_slider&quot;:&quot;no&quot;,&quot;_ob_column_has_pseudo&quot;:&quot;no&quot;}\">\n\t\t<div class=\"elementor-element elementor-element-9d81ff5 e-flex e-con-boxed e-con e-child\" data-id=\"9d81ff5\" data-element_type=\"container\" data-e-type=\"container\" data-settings=\"{&quot;_ob_use_container_extras&quot;:&quot;no&quot;,&quot;_ob_column_hoveranimator&quot;:&quot;no&quot;,&quot;_ob_glider_is_slider&quot;:&quot;no&quot;,&quot;_ob_column_has_pseudo&quot;:&quot;no&quot;}\">\n\t\t\t\t\t<div class=\"e-con-inner\">\n\t\t\t\t\t<\/div>\n\t\t\t\t<\/div>\n\t\t\t\t<div class=\"elementor-element elementor-element-353ff29 ob-has-background-overlay elementor-widget elementor-widget-image\" data-id=\"353ff29\" data-element_type=\"widget\" data-e-type=\"widget\" data-settings=\"{&quot;_ob_photomorph_use&quot;:&quot;no&quot;,&quot;_ob_widget_stalker_use&quot;:&quot;no&quot;,&quot;_ob_poopart_use&quot;:&quot;yes&quot;,&quot;_ob_shadough_use&quot;:&quot;no&quot;,&quot;_ob_allow_hoveranimator&quot;:&quot;no&quot;}\" data-widget_type=\"image.default\">\n\t\t\t\t<div class=\"elementor-widget-container\">\n\t\t\t\t\t\t\t\t\t\t\t\t\t\t\t<img fetchpriority=\"high\" decoding=\"async\" width=\"5144\" height=\"2916\" src=\"https:\/\/www.quaicentral.najeti.fr\/wp-content\/uploads\/2023\/06\/Tourcoing_LOGO-blanc-WEB.png\" class=\"attachment-full size-full wp-image-3952\" alt=\"\" srcset=\"https:\/\/www.quaicentral.najeti.fr\/wp-content\/uploads\/2023\/06\/Tourcoing_LOGO-blanc-WEB.png 5144w, https:\/\/www.quaicentral.najeti.fr\/wp-content\/uploads\/2023\/06\/Tourcoing_LOGO-blanc-WEB-300x170.png 300w, https:\/\/www.quaicentral.najeti.fr\/wp-content\/uploads\/2023\/06\/Tourcoing_LOGO-blanc-WEB-1024x580.png 1024w, https:\/\/www.quaicentral.najeti.fr\/wp-content\/uploads\/2023\/06\/Tourcoing_LOGO-blanc-WEB-768x435.png 768w, https:\/\/www.quaicentral.najeti.fr\/wp-content\/uploads\/2023\/06\/Tourcoing_LOGO-blanc-WEB-1536x871.png 1536w, https:\/\/www.quaicentral.najeti.fr\/wp-content\/uploads\/2023\/06\/Tourcoing_LOGO-blanc-WEB-2048x1161.png 2048w, https:\/\/www.quaicentral.najeti.fr\/wp-content\/uploads\/2023\/06\/Tourcoing_LOGO-blanc-WEB-18x10.png 18w\" sizes=\"(max-width: 5144px) 100vw, 5144px\" title=\"\">\t\t\t\t\t\t\t\t\t\t\t\t\t\t\t<\/div>\n\t\t\t\t<\/div>\n\t\t<div class=\"elementor-element elementor-element-89e46e4 e-flex e-con-boxed e-con e-child\" data-id=\"89e46e4\" data-element_type=\"container\" data-e-type=\"container\" data-settings=\"{&quot;_ob_use_container_extras&quot;:&quot;no&quot;,&quot;_ob_column_hoveranimator&quot;:&quot;no&quot;,&quot;_ob_glider_is_slider&quot;:&quot;no&quot;,&quot;_ob_column_has_pseudo&quot;:&quot;no&quot;}\">\n\t\t\t\t\t<div class=\"e-con-inner\">\n\t\t\t\t<div class=\"elementor-element elementor-element-136d595 elementor-align-center ob-has-background-overlay elementor-widget elementor-widget-button\" data-id=\"136d595\" data-element_type=\"widget\" data-e-type=\"widget\" data-settings=\"{&quot;_ob_butterbutton_use_it&quot;:&quot;no&quot;,&quot;_ob_widget_stalker_use&quot;:&quot;no&quot;,&quot;_ob_poopart_use&quot;:&quot;yes&quot;,&quot;_ob_shadough_use&quot;:&quot;no&quot;,&quot;_ob_allow_hoveranimator&quot;:&quot;no&quot;}\" data-widget_type=\"button.default\">\n\t\t\t\t<div class=\"elementor-widget-container\">\n\t\t\t\t\t\t\t\t\t<div class=\"elementor-button-wrapper\">\n\t\t\t\t\t<a class=\"elementor-button elementor-button-link elementor-size-lg\" href=\"#ecran2\">\n\t\t\t\t\t\t<span class=\"elementor-button-content-wrapper\">\n\t\t\t\t\t\t<span class=\"elementor-button-icon\">\n\t\t\t\t<svg xmlns=\"http:\/\/www.w3.org\/2000\/svg\" width=\"39.167\" height=\"22.394\" viewbox=\"0 0 39.167 22.394\"><path id=\"Icon_ionic-ios-arrow-down\" data-name=\"Icon ionic-ios-arrow-down\" d=\"M25.778,26.89l14.81-14.821a2.787,2.787,0,0,1,3.953,0,2.822,2.822,0,0,1,0,3.965L27.76,32.825a2.794,2.794,0,0,1-3.86.082L7,16.045a2.8,2.8,0,0,1,3.953-3.965Z\" transform=\"translate(-6.188 -11.247)\" fill=\"#fff\"><\/path><\/svg>\t\t\t<\/span>\n\t\t\t\t\t\t\t\t<\/span>\n\t\t\t\t\t<\/a>\n\t\t\t\t<\/div>\n\t\t\t\t\t\t\t\t<\/div>\n\t\t\t\t<\/div>\n\t\t\t\t\t<\/div>\n\t\t\t\t<\/div>\n\t\t\t\t<\/div>\n\t\t\t\t<section class=\"elementor-section elementor-top-section elementor-element elementor-element-63584c2c elementor-section-boxed elementor-section-height-default elementor-section-height-default\" data-id=\"63584c2c\" data-element_type=\"section\" data-e-type=\"section\" id=\"ecran2\" data-settings=\"{&quot;background_background&quot;:&quot;classic&quot;,&quot;_ob_glider_is_slider&quot;:&quot;no&quot;}\">\n\t\t\t\t\t\t<div class=\"elementor-container elementor-column-gap-default\">\n\t\t\t\t\t<div class=\"elementor-column elementor-col-100 elementor-top-column elementor-element elementor-element-61c4f828\" data-id=\"61c4f828\" data-element_type=\"column\" data-e-type=\"column\" data-settings=\"{&quot;_ob_column_hoveranimator&quot;:&quot;no&quot;,&quot;_ob_column_has_pseudo&quot;:&quot;no&quot;}\">\n\t\t\t<div class=\"elementor-widget-wrap elementor-element-populated\">\n\t\t\t\t\t\t<div class=\"elementor-element elementor-element-5762cc98 ob-harakiri-inherit ob-has-background-overlay elementor-widget elementor-widget-heading\" data-id=\"5762cc98\" data-element_type=\"widget\" data-e-type=\"widget\" data-settings=\"{&quot;_ob_use_harakiri&quot;:&quot;yes&quot;,&quot;_ob_harakiri_writing_mode&quot;:&quot;inherit&quot;,&quot;_ob_harakiri_text_clip&quot;:&quot;none&quot;,&quot;_ob_widget_stalker_use&quot;:&quot;no&quot;,&quot;_ob_poopart_use&quot;:&quot;yes&quot;,&quot;_ob_shadough_use&quot;:&quot;no&quot;,&quot;_ob_allow_hoveranimator&quot;:&quot;no&quot;}\" data-widget_type=\"heading.default\">\n\t\t\t\t<div class=\"elementor-widget-container\">\n\t\t\t\t\t<h1 class=\"elementor-heading-title elementor-size-default\">\/ FAQ<\/h1>\t\t\t\t<\/div>\n\t\t\t\t<\/div>\n\t\t\t\t<div class=\"elementor-element elementor-element-17370b7c ob-harakiri-inherit ob-has-background-overlay elementor-widget elementor-widget-text-editor\" data-id=\"17370b7c\" data-element_type=\"widget\" data-e-type=\"widget\" data-settings=\"{&quot;_ob_use_harakiri&quot;:&quot;yes&quot;,&quot;_ob_harakiri_writing_mode&quot;:&quot;inherit&quot;,&quot;_ob_postman_use&quot;:&quot;no&quot;,&quot;_ob_widget_stalker_use&quot;:&quot;no&quot;,&quot;_ob_poopart_use&quot;:&quot;yes&quot;,&quot;_ob_shadough_use&quot;:&quot;no&quot;,&quot;_ob_allow_hoveranimator&quot;:&quot;no&quot;}\" data-widget_type=\"text-editor.default\">\n\t\t\t\t<div class=\"elementor-widget-container\">\n\t\t\t\t\t\t\t\t\t<p>Do you have a question about the hotel, your reservation or your future stay?<br \/>Perhaps your answer is here! If not, don't hesitate to contact us by phone or e-mail.<\/p>\t\t\t\t\t\t\t\t<\/div>\n\t\t\t\t<\/div>\n\t\t\t\t<div class=\"elementor-element elementor-element-36919e02 ob-harakiri-inherit ob-has-background-overlay elementor-widget elementor-widget-heading\" data-id=\"36919e02\" data-element_type=\"widget\" data-e-type=\"widget\" data-settings=\"{&quot;_ob_use_harakiri&quot;:&quot;yes&quot;,&quot;_ob_harakiri_writing_mode&quot;:&quot;inherit&quot;,&quot;_ob_harakiri_text_clip&quot;:&quot;none&quot;,&quot;_ob_widget_stalker_use&quot;:&quot;no&quot;,&quot;_ob_poopart_use&quot;:&quot;yes&quot;,&quot;_ob_shadough_use&quot;:&quot;no&quot;,&quot;_ob_allow_hoveranimator&quot;:&quot;no&quot;}\" data-widget_type=\"heading.default\">\n\t\t\t\t<div class=\"elementor-widget-container\">\n\t\t\t\t\t<h2 class=\"elementor-heading-title elementor-size-default\">The hotel<\/h2>\t\t\t\t<\/div>\n\t\t\t\t<\/div>\n\t\t\t\t<div class=\"elementor-element elementor-element-3f7000b1 ob-harakiri-inherit ob-has-background-overlay elementor-widget elementor-widget-text-editor\" data-id=\"3f7000b1\" data-element_type=\"widget\" data-e-type=\"widget\" data-settings=\"{&quot;_ob_use_harakiri&quot;:&quot;yes&quot;,&quot;_ob_harakiri_writing_mode&quot;:&quot;inherit&quot;,&quot;_ob_postman_use&quot;:&quot;no&quot;,&quot;_ob_widget_stalker_use&quot;:&quot;no&quot;,&quot;_ob_poopart_use&quot;:&quot;yes&quot;,&quot;_ob_shadough_use&quot;:&quot;no&quot;,&quot;_ob_allow_hoveranimator&quot;:&quot;no&quot;}\" data-widget_type=\"text-editor.default\">\n\t\t\t\t<div class=\"elementor-widget-container\">\n\t\t\t\t\t\t\t\t\t<p><strong>Do you have a car park?<\/strong><\/p><p>Public pay parking is available less than 100 metres from the hotel. The hotel has a drop-off point in front of the entrance.<\/p><p>\u00a0<\/p><p><strong>Do you have smoking rooms?<\/strong><\/p><p>All rooms in our hotel are non-smoking. Ashtrays are available in front of the hotel and on the terrace.<\/p><p>\u00a0\u00a0<\/p><p><strong>I have a baby, does the hotel have adequate facilities?<\/strong><\/p><p>We can provide a baby cot in the room, on request at the time of booking, and subject to availability.<\/p><p>\u00a0<\/p><p><strong>Is the hotel suitable for people with reduced mobility?<\/strong><\/p><p>Our establishment has a number of rooms designed to enable people with reduced mobility to make the most of their stay. Access to the rooms, bar and restaurant is by lift, and there are no stairs outside the establishment.<\/p><p>\u00a0<\/p><p><strong>Can I eat at the hotel?<\/strong><\/p><p>Quai Central has a restaurant on the 5th floor.<sup>th<\/sup> floor with its terrace overlooking the rooftops of Tourcoing. \u00a0<\/p><p>\u00a0<\/p><p><strong>Does the hotel have a bar?<\/strong><\/p><p>Our bar is located at 5<sup>th<\/sup> on the rooftop floor of the hotel. It features a terrace overlooking the rooftops of Tourcoing.<\/p>\t\t\t\t\t\t\t\t<\/div>\n\t\t\t\t<\/div>\n\t\t\t\t<div class=\"elementor-element elementor-element-1d205dda ob-harakiri-inherit ob-has-background-overlay elementor-widget elementor-widget-heading\" data-id=\"1d205dda\" data-element_type=\"widget\" data-e-type=\"widget\" data-settings=\"{&quot;_ob_use_harakiri&quot;:&quot;yes&quot;,&quot;_ob_harakiri_writing_mode&quot;:&quot;inherit&quot;,&quot;_ob_harakiri_text_clip&quot;:&quot;none&quot;,&quot;_ob_widget_stalker_use&quot;:&quot;no&quot;,&quot;_ob_poopart_use&quot;:&quot;yes&quot;,&quot;_ob_shadough_use&quot;:&quot;no&quot;,&quot;_ob_allow_hoveranimator&quot;:&quot;no&quot;}\" data-widget_type=\"heading.default\">\n\t\t\t\t<div class=\"elementor-widget-container\">\n\t\t\t\t\t<h2 class=\"elementor-heading-title elementor-size-default\">The stay<\/h2>\t\t\t\t<\/div>\n\t\t\t\t<\/div>\n\t\t\t\t<div class=\"elementor-element elementor-element-569474 ob-harakiri-inherit ob-has-background-overlay elementor-widget elementor-widget-text-editor\" data-id=\"569474\" data-element_type=\"widget\" data-e-type=\"widget\" data-settings=\"{&quot;_ob_use_harakiri&quot;:&quot;yes&quot;,&quot;_ob_harakiri_writing_mode&quot;:&quot;inherit&quot;,&quot;_ob_postman_use&quot;:&quot;no&quot;,&quot;_ob_widget_stalker_use&quot;:&quot;no&quot;,&quot;_ob_poopart_use&quot;:&quot;yes&quot;,&quot;_ob_shadough_use&quot;:&quot;no&quot;,&quot;_ob_allow_hoveranimator&quot;:&quot;no&quot;}\" data-widget_type=\"text-editor.default\">\n\t\t\t\t<div class=\"elementor-widget-container\">\n\t\t\t\t\t\t\t\t\t<p><strong>What are the departure and arrival times?<\/strong><\/p><p>Arrivals at the hotel are from 4pm and departures until 11am.<\/p><p>\u00a0<\/p><p><strong>I will be arriving after 11pm, how do I get my room card back?<\/strong><\/p><p>We have a 24-hour presence. Our night receptionist can welcome you at any time.<\/p><p>\u00a0<\/p><p><strong>What time is breakfast?<\/strong><\/p><p class=\"x_MsoNormal\"><span data-olk-copy-source=\"MessageBody\">Accessible de 06h00 \u00e0 10h00 la semaine et jusqu\u2019\u00e0 10h30 le week-end, le petit-d\u00e9jeuner est au tarif de 16\u20ac par personne.<\/span><\/p><p>\u00a0<\/p><p><strong>Do you accept pets? What is the rate?<\/strong><\/p><p>Pets are allowed in the hotel, but must be kept on a lead when out and about. The supplement for a pet is \u20ac15 per night.<\/p><p>\u00a0<\/p><p><strong>Do you have an internet connection at the hotel? Is it free?<\/strong><\/p><p>You can enjoy free Wi-Fi (fibre) throughout the hotel.<\/p><p>\u00a0<\/p><p><strong>What do I do if I forget something in my room? <\/strong><\/p><p>You can contact our team who will send you the forgotten item in exchange for delivery charges.<\/p>\t\t\t\t\t\t\t\t<\/div>\n\t\t\t\t<\/div>\n\t\t\t\t<div class=\"elementor-element elementor-element-56711beb ob-harakiri-inherit ob-has-background-overlay elementor-widget elementor-widget-heading\" data-id=\"56711beb\" data-element_type=\"widget\" data-e-type=\"widget\" data-settings=\"{&quot;_ob_use_harakiri&quot;:&quot;yes&quot;,&quot;_ob_harakiri_writing_mode&quot;:&quot;inherit&quot;,&quot;_ob_harakiri_text_clip&quot;:&quot;none&quot;,&quot;_ob_widget_stalker_use&quot;:&quot;no&quot;,&quot;_ob_poopart_use&quot;:&quot;yes&quot;,&quot;_ob_shadough_use&quot;:&quot;no&quot;,&quot;_ob_allow_hoveranimator&quot;:&quot;no&quot;}\" data-widget_type=\"heading.default\">\n\t\t\t\t<div class=\"elementor-widget-container\">\n\t\t\t\t\t<h2 class=\"elementor-heading-title elementor-size-default\">The prices<\/h2>\t\t\t\t<\/div>\n\t\t\t\t<\/div>\n\t\t\t\t<div class=\"elementor-element elementor-element-15b2a719 ob-harakiri-inherit ob-has-background-overlay elementor-widget elementor-widget-text-editor\" data-id=\"15b2a719\" data-element_type=\"widget\" data-e-type=\"widget\" data-settings=\"{&quot;_ob_use_harakiri&quot;:&quot;yes&quot;,&quot;_ob_harakiri_writing_mode&quot;:&quot;inherit&quot;,&quot;_ob_postman_use&quot;:&quot;no&quot;,&quot;_ob_widget_stalker_use&quot;:&quot;no&quot;,&quot;_ob_poopart_use&quot;:&quot;yes&quot;,&quot;_ob_shadough_use&quot;:&quot;no&quot;,&quot;_ob_allow_hoveranimator&quot;:&quot;no&quot;}\" data-widget_type=\"text-editor.default\">\n\t\t\t\t<div class=\"elementor-widget-container\">\n\t\t\t\t\t\t\t\t\t<p><strong>Are tourist taxes included in the price?<\/strong><\/p><p>La taxe de s\u00e9jour est en suppl\u00e9ment de 1,76\u20ac par jour et par personne.<\/p><p>\u00a0<\/p><p><strong>Why do you need my credit card information?<\/strong><\/p><p>The bank details are only used as a guarantee in case you do not come or cancel late. This guarantee is cancelled when you leave.<\/p><p>\u00a0<\/p><p><strong>When and how will I pay for my stay?<\/strong><\/p><p>You can pay for your stay at the time of your departure with the following means of payment: credit card, holiday vouchers, cash.<\/p>\t\t\t\t\t\t\t\t<\/div>\n\t\t\t\t<\/div>\n\t\t\t\t\t<\/div>\n\t\t<\/div>\n\t\t\t\t\t<\/div>\n\t\t<\/section>\n\t\t\t\t<\/div>","protected":false},"excerpt":{"rendered":"<p>\/ FAQ Vous vous posez une question \u00e0 propos de l&rsquo;h\u00f4tel, de votre r\u00e9servation ou de votre futur s\u00e9jour ?Votre r\u00e9ponse se trouve peut-\u00eatre ici ! Si tel n&rsquo;est pas le cas, n&rsquo;h\u00e9sitez pas \u00e0 prendre contact par t\u00e9l\u00e9phone ou mail. L&rsquo;h\u00f4tel Avez-vous un parking ? Un parking public payant se trouve \u00e0 moins de [&hellip;]<\/p>\n","protected":false},"author":6,"featured_media":0,"parent":0,"menu_order":16,"comment_status":"closed","ping_status":"closed","template":"","meta":{"_acf_changed":false,"inline_featured_image":false,"footnotes":""},"class_list":["post-179","page","type-page","status-publish","hentry"],"acf":[],"_links":{"self":[{"href":"https:\/\/www.quaicentral.najeti.fr\/en\/wp-json\/wp\/v2\/pages\/179","targetHints":{"allow":["GET"]}}],"collection":[{"href":"https:\/\/www.quaicentral.najeti.fr\/en\/wp-json\/wp\/v2\/pages"}],"about":[{"href":"https:\/\/www.quaicentral.najeti.fr\/en\/wp-json\/wp\/v2\/types\/page"}],"author":[{"embeddable":true,"href":"https:\/\/www.quaicentral.najeti.fr\/en\/wp-json\/wp\/v2\/users\/6"}],"replies":[{"embeddable":true,"href":"https:\/\/www.quaicentral.najeti.fr\/en\/wp-json\/wp\/v2\/comments?post=179"}],"version-history":[{"count":58,"href":"https:\/\/www.quaicentral.najeti.fr\/en\/wp-json\/wp\/v2\/pages\/179\/revisions"}],"predecessor-version":[{"id":6038,"href":"https:\/\/www.quaicentral.najeti.fr\/en\/wp-json\/wp\/v2\/pages\/179\/revisions\/6038"}],"wp:attachment":[{"href":"https:\/\/www.quaicentral.najeti.fr\/en\/wp-json\/wp\/v2\/media?parent=179"}],"curies":[{"name":"wp","href":"https:\/\/api.w.org\/{rel}","templated":true}]}}